{"id":1094,"date":"2013-07-15T07:52:43","date_gmt":"2013-07-15T04:52:43","guid":{"rendered":"http:\/\/www.vahitozmen.com\/e\/?page_id=1094"},"modified":"2013-07-18T16:38:55","modified_gmt":"2013-07-18T13:38:55","slug":"breast-cancer-in-turkey","status":"publish","type":"page","link":"https:\/\/vahitozmen.com\/e\/breast-cancer-in-turkey\/","title":{"rendered":"Breast Cancer In Turkey"},"content":{"rendered":"<blockquote>\n<h1 style=\"font-weight:normal;line-height:24px\" class=\"mavifont\">Prof. Dr. Vahit Ozmen has written a new book titled \u201cBreast Cancer in Turkey\u201d \u201cClinical Histopathological Characteristics and Standard Prognostic Factors\u201d<\/h1>\n<\/blockquote>\n<p><a href=\"http:\/\/www.vahitozmen.com\/assets\/_pdf\/breast-cancer-in-turkey-vahit-ozmen.pdf\" title=\"Breast Cancer In Turkey PDF\"><br \/>\n<img loading=\"lazy\" src=\"http:\/\/www.vahitozmen.com\/e\/wp-content\/uploads\/2013\/07\/kitapkapak-e.png\" alt=\"Breast Cancer In Turkey\" width=\"273\" height=\"329\" class=\"aligncenter size-full wp-image-1104\" srcset=\"https:\/\/vahitozmen.com\/e\/wp-content\/uploads\/2013\/07\/kitapkapak-e.png 273w, https:\/\/vahitozmen.com\/e\/wp-content\/uploads\/2013\/07\/kitapkapak-e-248x300.png 248w\" sizes=\"(max-width: 273px) 100vw, 273px\" \/><\/a><\/p>\n<p>This book includes analyses of 13.420 breast cancer patients from the National Breast Cancer Database (UMKVT) of Turkish Federation of Breast Diseases Societies (TMHDF).<\/p>\n<p>Primary aims of this publication were to reflect the results of analyses of breast cancer patients by gender, age, menopausal status, clinical and pathological stages, histological type of invasive cancer, tumor diameter, histological grade, pathological lymphatic stage, hormone receptor, HER (c erb B2) expression and molecular subtype of breast cancer. These results were also compared with the results of developed and developing countries.<\/p>\n<blockquote>\n<p style=\"line-height:18px\"><a href=\"http:\/\/www.vahitozmen.com\/assets\/_pdf\/breast-cancer-in-turkey-vahit-ozmen.pdf\" title=\"Breast Cancer In Turkey PDF\"><br \/>\n<span style=\"font-size:21px\">&#8220;Breast Cancer In Turkey&#8221;<\/span> <span style=\"color:#666\">pdf link<\/span><br \/>\n<\/a><\/p>\n<\/blockquote>\n<blockquote>\n<p id=\"preface\">Dear Reader,<\/p>\n<p>As a breast surgeon, I always asked an important question to myself in all scientific meetings: Why do we not have a regular breast cancer registry in Turkey and why do we not have statistics and data for our own patients? We were trying to conduct and publish clinical studies using data from the patient database at the Breast Unit, which we established back in 1986 when I was the Chief Resident at General Surgery Department of Istanbul Medical Faculty. But it has now become a scientific obligation to create a \u201cNational Breast Cancer Database\u201d, collecting data of breast cancer patients from different regions and cities across the whole country.<\/p>\n<p>The project, \u201cNational Breast Cancer Database (UMKVT),\u201d which I had presented in December 2004 during the Board Meeting of the Turkish Federation of Breast Diseases Societies (TMHDF), originally initiated during the 1st Annual Meeting of the World Society for Breast Health in Istanbul, 2001, was accepted and a decision was made to implement the project. We contacted Pleksus Bili\u015fim Teknolojileri and signed an agreement with them in the name of our federation. After intensive studies, Pleksus formed a committee and the federation determined the type of information and questions the breast cancer registry would need to ask. Special courses were organized for associates at centers that would take part in the registry. The National Breast Cancer Database was officially launched for use in May 2005, with both an online and an offline version. Taking account of the numerousness of questions and the difficulty of using the software, a number of changes were made with the database in 2009, which then were published in a book, designated Version 2. After these modifications the registry became faster and user-friendlier. Upon a decision of the Federation Board of Directors, it was decided to compile the information in a book and make it available to national and international science communities. I do hope and believe that this book, which will be also translated to English, will represent a significant contribution to accessing scientific data on women in Turkey who were diagnosed with and are being treated for breast cancer.<\/p>\n<p>Pruning and analysis of data presented in this book was performed by Dr. Nil\u00fcfer \u00d6zayd\u0131n from Public Health Department of Marmara University Medical School. Prof. Dr. Bahad\u0131r G\u00fcll\u00fco\u011flu and Dr. Ersin Sel\u00e7uk \u00dcnal also made valuable contributions to preparing this book.<\/p>\n<p>Scientists typically neglect their spouses and children throughout their careers, but this does not change the fact that they are our greatest source of support, allowing us to continue producing our work. Therefore, they do have a large contribution in our work, which we are able to create through long efforts, and for that I extend my gratitude to our families.<\/p>\n<p>I also thank our former and new colleagues on the board of directors, who gave their full support for all scientific projects since the inception of our Federation, and Novartis Oncology Turkey who provided financial support to our project from day one, and our patients whose data we have used in this project.<\/p>\n<p>Sincerely,<\/p>\n<p>Prof. Dr. Vahit\u00d6zmen<\/p>\n<p>Editor<\/p>\n<\/blockquote>\n<blockquote>\n<p style=\"line-height:18px\"><a href=\"http:\/\/www.vahitozmen.com\/assets\/_pdf\/breast-cancer-in-turkey-vahit-ozmen.pdf\" title=\"Breast Cancer In Turkey PDF\"><br \/>\n<span style=\"font-size:21px\">&#8220;Breast Cancer In Turkey&#8221;<\/span> <span style=\"color:#666\">pdf link<\/span><br \/>\n<\/a><\/p>\n<\/blockquote>\n","protected":false},"excerpt":{"rendered":"<p>Prof. Dr. Vahit Ozmen has written a new book titled \u201cBreast Cancer in Turkey\u201d \u201cClinical Histopathological Characteristics and Standard Prognostic Factors\u201d This book includes analyses of 13.420 breast cancer patients from the National Breast Cancer Database (UMKVT) of Turkish Federation<span class=\"ellipsis\">&hellip;<\/span><\/p>\n<div class=\"read-more\"><a href=\"https:\/\/vahitozmen.com\/e\/breast-cancer-in-turkey\/\">Read more &#8250;<\/a><\/div>\n<p><!-- end of .read-more --><\/p>\n","protected":false},"author":1,"featured_media":0,"parent":0,"menu_order":0,"comment_status":"closed","ping_status":"open","template":"content-sidebar-page.php","meta":[],"_links":{"self":[{"href":"https:\/\/vahitozmen.com\/e\/wp-json\/wp\/v2\/pages\/1094"}],"collection":[{"href":"https:\/\/vahitozmen.com\/e\/wp-json\/wp\/v2\/pages"}],"about":[{"href":"https:\/\/vahitozmen.com\/e\/wp-json\/wp\/v2\/types\/page"}],"author":[{"embeddable":true,"href":"https:\/\/vahitozmen.com\/e\/wp-json\/wp\/v2\/users\/1"}],"replies":[{"embeddable":true,"href":"https:\/\/vahitozmen.com\/e\/wp-json\/wp\/v2\/comments?post=1094"}],"version-history":[{"count":41,"href":"https:\/\/vahitozmen.com\/e\/wp-json\/wp\/v2\/pages\/1094\/revisions"}],"predecessor-version":[{"id":1139,"href":"https:\/\/vahitozmen.com\/e\/wp-json\/wp\/v2\/pages\/1094\/revisions\/1139"}],"wp:attachment":[{"href":"https:\/\/vahitozmen.com\/e\/wp-json\/wp\/v2\/media?parent=1094"}],"curies":[{"name":"wp","href":"https:\/\/api.w.org\/{rel}","templated":true}]}}