{"id":962,"date":"2013-02-24T14:46:39","date_gmt":"2013-02-24T12:46:39","guid":{"rendered":"http:\/\/www.vahitozmen.com\/e\/?page_id=962"},"modified":"2020-03-30T17:11:00","modified_gmt":"2020-03-30T14:11:00","slug":"postgraduate-courses-and-congresses-organized","status":"publish","type":"page","link":"https:\/\/vahitozmen.com\/e\/publications\/postgraduate-courses-and-congresses-organized\/","title":{"rendered":"Postgraduate Courses and Congresses Organized"},"content":{"rendered":"<p><strong>Postgraduate Courses and Congresses organized by Dr.Vahit Ozmen<\/strong><\/p>\n<p>1.First Postgraduate Course on Breast Diseases, 2-4 December 1992,  \u0130stanbul Medical Faculty,<br \/>\n\u0130stanbul.<\/p>\n<p>2.Postgraduate Courses on Laparoscopic Surgery: Upto now, 45 courses organized since 6-26<br \/>\nFebruary 1992 in \u0130stanbul Medical Faculty.<\/p>\n<p>3.8th Turkish Congress on Antibiotics and Chemotherapy, 22-28 May 1993, Antalya.<\/p>\n<p>4. First National Congress of Endoscopic and Laparoscopic Surgery, 10-13 November 1993, \u0130stanbul.<\/p>\n<p>5.4 th  European Congress of Video-Laparoscopic Surgery: 5-8 June 1994, \u0130stanbul.<\/p>\n<p>6.Second National Congress on Breast Diseases and 2nd Postgraduate Course on Breast Diseases (General Secretary of the Congress),  17-19 November 1994, \u0130stanbul.<\/p>\n<p>7.Second National Congress of Endoscopic and Laparoscopic Surgery, 14-16 September, 1995, \u0130stanbul.<\/p>\n<p>8. Thirteenth Congress of \u0130stanbul Medical Faculty,  27-30 September 1995, \u0130stanbul.<\/p>\n<p>9. First Postgraduate Course on Colo-rectal cancer,  25-26 October 1996, \u0130stanbul.<\/p>\n<p>10. Fourth National Congress on Breast Diseases  5-8 March 1997, \u0130zmir<\/p>\n<p>11.Third National Congress of Endoscopic and Laparoscopic Surgery, 14-16 May 1997,\u0130stanbul<\/p>\n<p>12.Postgraduate Course on Oesephageal and Stomach Cancer, 24-27 October 1997, Hotel Armada, \u0130stanbul,  1997.<\/p>\n<p>13. Postgraduate Course on Benign Colo-rectal and Anal canal diseases, 23-24 October 1998, Pera Palas,  \u0130stanbul.<\/p>\n<p>14. Postgraduate Course on Benign Oesophagus, Stomach, Duodenum and Small Intestine Diseases,  22-23 October 1999, Eresin Hotel, \u0130stanbul.<\/p>\n<p>15. Postgraduate Course on Colo-rectal Cancer,  20-21 October 2000, Eresin Hotel, \u0130stanbul.<\/p>\n<p>16.World Society of Breast Health 1st Congress,  General Secretary of The Congress, 21-26 September 2001, \u0130stanbul.<\/p>\n<p>17.First National Education Congress of Turkish Futball Association for team doctors, and physiotherapists, 23-25 December, 2001.<\/p>\n<p>18.Fifth National Congress on Endoscopic Laparoscopic Surgery, 22-25 April 2002, \u0130stanbul.<\/p>\n<p>19.Second National Education Congress of Turkish Futball Association for team doctors, and physiotherapists, 22-24 December, 2002.<\/p>\n<p>20.Sentinel Lymph node biopsy, 7th Postgraduate Course on Breast Diseases, 18  January  2003.<\/p>\n<p>21.Diseases of Upper Gastrointestinal System, 8th Postgraduate Course on Gastrointestinal Diseases, 10-11 October 2003, \u0130stanbul.<\/p>\n<p>22.Recent advances in cancer management and treatment. Istanbul Medical Faculty and Mayo Clinics Continuing Medical Education Program, October 27, 2003, \u0130stanbul.<\/p>\n<p>23.Third National Education Congress of Turkish Futball Association for teams\u2019s doctors, and physiotherapists, 23-24 December, 2003, Maslak Princess Hotel, \u0130stanbul.<\/p>\n<p>24. Annual Congress of Turkish Surgical Society, Breast Section. 26-30 May 2004, Belek, Antalya<\/p>\n<p>25.9th  Postgraduate Course On Breast Cancer, 24-25 December 2004, Hyatt Regency Hotel, Istanbul.<\/p>\n<p>26.8th  National Breast Cancer Congress (General Secretary), 21-24 September, 2005, \u0130stanbul-Turkey.<\/p>\n<p>27.1st Postgraduate Course on Laparoscopic Cholecystectomy, 16-20 January 2006, \u0130STEM-<br \/>\n\u0130stanbul.<\/p>\n<p>28.2nd  Postgraduate Course on Laparoscopic Cholecystectomy, 20-24 February 2006, \u0130STEM- \u0130stanbul.<\/p>\n<p>29.MDKK 1st National Breast Cancer Consensus Conference. 15-19 November 2006, \u0130ber Otel, Bodrum.<\/p>\n<p>30.Postgraduate Course (Director) for Gastroesophageal Reflux Disease and Hiatal Hernia, Postgraduate Course. 8th National Endoscopic and Laparoscopic Surgery Congress, July1- 4, 2007, Antalya.<\/p>\n<p>31. 8th National Endoscopic and Laparoscopic Surgery Congress, July1- 4, 2007, Antalya.<\/p>\n<p>32. 9th National Breast Congress, September 4-9, 2007.<\/p>\n<p>33. 12th Post Graduate Courses on Breast Cancer. Istanbul Medical Faculty December 6-7, 2007, ISTEM, Istanbul.<\/p>\n<p>34.Advanced laporoscopic course for laparoscopic Nissen Fundoplication, Sisli Florence Nightingale Hospital, May 16-17, 2008, \u0130stanbul, Turkey.<\/p>\n<p>35.National Breast Cancer Consensus Conference, President. 21-25 October, 2008, Istanbul.<\/p>\n<p>36. Course of Laparoscopic Hiatus Surgery 9th National Endoscopic and Laparoscopic Surgery Congress October 28-31, 2009, Antalya, Turkey.<\/p>\n<p>37. 13th Post Graduate Courses on Breast Cancer. Istanbul Medical Faculty December 11, 2009, \u0130stanbul,Turkey.<\/p>\n<p>38. Course of Laparoscopic Anti Reflux Surgery. Istanbul Medical Faculty. Feburary 04- 05 2010, \u0130stanbul, Turkey. <\/p>\n<p>39. Postgraduate Courses on \u201cBreast Cancer: Screening, diagnosis, and treatment in Turkey\u201d. Started in February 2010, and 5th Course performed in December 18, 2010 in Kocaeli.<\/p>\n<p>40.National Breast Cancer Education Courses for KETEMs and specialists on breast cancer. In January 29, 2011, Ankara, March 5, 2011, Kayseri, May 7, 2011, Diyarbak\u0131r, September 10, 2011, Sanliurfa.<\/p>\n<p>41.National Cancer Week collaboration with Cancer Control Department, Turkish Ministry of Health, April 1-4, 2012, Ankara.<\/p>\n<p>42.Laparoscopic Anti-reflux Surgery Postgraduate Course in 11th National Laparoscopic Endoscopic Surgery Congress, 2-6 October 2013, Bodrum, Mu\u011fla.<\/p>\n<p>43.Oncoplastic Breast Cancer Surgery Course (Course Director). Ozmen V. Senologic International Society and Turkish Federation of Breast Diseases Societies, 12th National Breast Cancer Congress, 24-27 October, 2013, Antalya.<\/p>\n<p>44.Postgradueate Course and Live Surgery: \u201cMultidisciplineary approaches to breast cancer surgical treatment and immediate reconstruction techniques\u201d. May 16 \u2013 17, 2015, Istanbul Florence Nightingale Hospital, Istanbul, Turkey.<\/p>\n<p>45.President, 20th World Health Congress of Senologic International Society, 5-8 December, Strasbourg, France.<\/p>\n<p>46.President, 15th National Breast Congress, 17-20 October, 2019, Antalya, Turkey.<\/p>\n","protected":false},"excerpt":{"rendered":"<p>Postgraduate Courses and Congresses organized by Dr.Vahit Ozmen 1.First Postgraduate Course on Breast Diseases, 2-4 December 1992, \u0130stanbul Medical Faculty, \u0130stanbul. 2.Postgraduate Courses on Laparoscopic Surgery: Upto now, 45 courses organized since 6-26 February 1992 in \u0130stanbul Medical Faculty. 3.8th<span class=\"ellipsis\">&hellip;<\/span><\/p>\n<div class=\"read-more\"><a href=\"https:\/\/vahitozmen.com\/e\/publications\/postgraduate-courses-and-congresses-organized\/\">Read more &#8250;<\/a><\/div>\n<p><!-- end of .read-more --><\/p>\n","protected":false},"author":1,"featured_media":0,"parent":955,"menu_order":0,"comment_status":"closed","ping_status":"open","template":"content-sidebar-page.php","meta":[],"_links":{"self":[{"href":"https:\/\/vahitozmen.com\/e\/wp-json\/wp\/v2\/pages\/962"}],"collection":[{"href":"https:\/\/vahitozmen.com\/e\/wp-json\/wp\/v2\/pages"}],"about":[{"href":"https:\/\/vahitozmen.com\/e\/wp-json\/wp\/v2\/types\/page"}],"author":[{"embeddable":true,"href":"https:\/\/vahitozmen.com\/e\/wp-json\/wp\/v2\/users\/1"}],"replies":[{"embeddable":true,"href":"https:\/\/vahitozmen.com\/e\/wp-json\/wp\/v2\/comments?post=962"}],"version-history":[{"count":9,"href":"https:\/\/vahitozmen.com\/e\/wp-json\/wp\/v2\/pages\/962\/revisions"}],"predecessor-version":[{"id":1213,"href":"https:\/\/vahitozmen.com\/e\/wp-json\/wp\/v2\/pages\/962\/revisions\/1213"}],"up":[{"embeddable":true,"href":"https:\/\/vahitozmen.com\/e\/wp-json\/wp\/v2\/pages\/955"}],"wp:attachment":[{"href":"https:\/\/vahitozmen.com\/e\/wp-json\/wp\/v2\/media?parent=962"}],"curies":[{"name":"wp","href":"https:\/\/api.w.org\/{rel}","templated":true}]}}