{"id":969,"date":"2013-02-24T14:49:49","date_gmt":"2013-02-24T12:49:49","guid":{"rendered":"http:\/\/www.vahitozmen.com\/e\/?page_id=969"},"modified":"2020-03-30T17:16:54","modified_gmt":"2020-03-30T14:16:54","slug":"book-chapters-in-turkish","status":"publish","type":"page","link":"https:\/\/vahitozmen.com\/e\/publications\/book-chapters-in-turkish\/","title":{"rendered":"Book Chapters in Turkish"},"content":{"rendered":"<p><strong>Editorials and book chapters of Prof.Dr.Vahit \u00d6zmen<\/strong><\/p>\n<p>1.Ozmen V ( Edit\u00f6rler:Da\u011fo\u011flu T, Bozfak\u0131o\u011flu Y, De\u011ferli \u00dc): Cerrahide Modern Teknikler. \u00c7eviri:Mastery of Surgery, Nyhus L, Baker RJ, Nobel T\u0131p Kitabevi,\u0130stanbul, 1988.<\/p>\n<p>2.Ozmen V : Multipl travma. Cerrahinin S\u0131rlar\u0131, Edit\u00f6r:De\u011ferli \u00dc,Nobel T\u0131p Kitabevi), Istanbul, 1989.<\/p>\n<p>3.Ozmen V: Penetran Kar\u0131n Travmalar\u0131. Cerrahinin S\u0131rlar\u0131,Edit\u00f6r:De\u011ferli \u00dc,Nobel T\u0131p Kitabevi, \u0130stanbul, 1989.<\/p>\n<p>4.Ozmen V: K\u00fcnt Kar\u0131n Travmalar\u0131. Cerrahinin S\u0131rlar\u0131, \u00c7eviri Edit\u00f6r\u00fc \u00dc De\u011ferli, Nobel T\u0131p Kitabevi, \u0130stanbul, 1989.<\/p>\n<p>5.OzmenV: Pankreas ve duodenum yaralanmalar\u0131 (Cerrahinin S\u0131rlar\u0131, Ed.De\u011ferli \u00dc,Nobel T\u0131p Kitabevi), \u0130stanbul ,1989.<\/p>\n<p>6.Ozmen V:Karaci\u011fer travmalar\u0131 ( Cerrahinin S\u0131rlar\u0131, Ed.De\u011ferli \u00dc,Nobel T\u0131p Kitabevi), \u0130stanbul ,1989.<\/p>\n<p>7.Ozmen V:Dalak travmalar\u0131 ( Cerrahinin S\u0131rlar\u0131, Ed.De\u011ferli \u00dc,Nobel T\u0131p Kitabevi), \u0130stanbul 1989.<\/p>\n<p>8.Ozmen V:Penetran boyun yaralanmalar\u0131 ( Cerrahinin S\u0131rlar\u0131, Ed.De\u011ferli \u00dc,Nobel T\u0131p Kitabevi), \u0130stanbul ,1989.<\/p>\n<p>9.Ozmen V:Pelvis k\u0131r\u0131klar\u0131 ( Cerrahinin S\u0131rlar\u0131, Ed.De\u011ferli \u00dc,Nobel T\u0131p Kitabevi), \u0130stanbul 1989.<\/p>\n<p>10.Ozmen V:Had kar\u0131n sendromu ( Cerrahinin S\u0131rlar\u0131, Ed.De\u011ferli \u00dc,Nobel T\u0131p Kitabevi), \u0130stanbul ,1989.<\/p>\n<p>11.Ozmen V:Akut arter t\u0131kanmas\u0131 ( Cerrahinin S\u0131rlar\u0131, Ed.De\u011ferli \u00dc,Nobel T\u0131p Kitabevi), Istanbul ,1989.<\/p>\n<p>12.Ozmen V:Kronik arter t\u0131kanmas\u0131 in Cerrahinin S\u0131rlar\u0131, Ed.De\u011ferli \u00dc, Nobel T\u0131p Kitabevi Istanbul,1989.<\/p>\n<p>13.Ozmen V, Tavilo\u011flu K: Multipl Travma (Cerrahinin Doruklar\u0131, Ed.De\u011ferli \u00dc, \u0130stanbul \u00dcniversitesi Yay\u0131nlar\u0131), Istanbul 1997.<\/p>\n<p>14.Ozmen V, Tavilo\u011flu K: Karaci\u011fer Travmalar\u0131 (Cerrahinin Doruklar\u0131, Ed.De\u011ferli \u00dc, Istanbul \u00dcniversitesi Yay\u0131nlar\u0131), Istanbul 1997.<\/p>\n<p>15.Ozmen V, Tavilo\u011flu K: Pelvis Frakt\u00fcrleri (Cerrahinin Doruklar\u0131, Ed.De\u011ferli \u00dc, \u0130stanbul \u00dcniversitesi Yay\u0131nlar\u0131), Istanbul 1997.<\/p>\n<p>16.Ozmen V : Meme Hastal\u0131klar\u0131 (Cerrahinin Doruklar\u0131, Ed.De\u011ferli \u00dc, \u0130stanbul \u00dcniversitesi Yay\u0131nlar\u0131), Istanbul 1997.<\/p>\n<p>17.Ozmen V, Ertekin C:Akut Kar\u0131n Sendromu (Cerrahinin Doruklar\u0131, Ed.De\u011ferli \u00dc, \u0130stanbul \u00dcniversitesi Yay\u0131nlar\u0131), Istanbul 1997.<\/p>\n<p>18.Ozmen V : Cerrahi Onkoloji (Cerrahinin Doruklar\u0131, Ed.De\u011ferli \u00dc, \u0130stanbul \u00dcniversitesi Yay\u0131nlar\u0131), Istanbul 1997.<\/p>\n<p>19.Ozmen V: \u00d6zofagusun lenfatikleri ve \u00f6zofagus kanserinin torakotomi ile cerrahi tedavisi (\u00d6zofagus ve mide kanseri Uzmanl\u0131k Sonras\u0131 E\u011fitim  Kursu Kitab\u0131, sayfa:59-72, 1997).<\/p>\n<p>20.Ozmen V : Meme cerrahisinin tarih\u00e7esi ve cerrahi tekniklerin geli\u015fimi (Meme Kanseri, Ed. Topuz E), \u0130stanbul \u00dcniversitesi Onkoloji Enstit\u00fcs\u00fc Yay\u0131nlar\u0131 3, 1997.<\/p>\n<p>21.Ozmen V: Lokal ileri meme kanserine cerrahi yakla\u015f\u0131m ve inflamatuar meme kanseri in Meme Kanseri, Ed. Topuz E, \u0130stanbul \u00dcniversitesi Onkoloji Enstit\u00fcs\u00fc Yay\u0131nlar\u0131 3, 1997.<\/p>\n<p>22.Ozmen V, \u0130\u011fciA:Laparoskopik cerrahide pn\u00f6moperituan,  elektrokoag\u00fclasyon ve laser kullan\u0131lmas\u0131. Videoskopik Cerrahi, Ed.Cavit Avc\u0131, Avrupa T\u0131p Kitap\u00e7\u0131l\u0131k 2000.<\/p>\n<p>23.Ozmen V, Ak\u0131nc\u0131 M, Esen T, Tun\u00e7 M:\u00dcrolojide  Laparoskopik Cerrahi. Videoskopik Cerrahi, Ed.Cavit Avc\u0131, Avrupa T\u0131p Kitap\u00e7\u0131l\u0131k 2000.<\/p>\n<p>24.Ozmen V:Videoendoskopik Gastrik Cerrahi. Videoskopik Cerrahi, Ed.CavitAvc\u0131, Avrupa T\u0131p Kitap\u00e7\u0131l\u0131k 2000.<\/p>\n<p>25.Ozmen V: Laparoskopik Splenektomi. Videoskopik Cerrahi, Ed.Cavit Avc\u0131, Avrupa T\u0131p Kitap\u00e7\u0131l\u0131k 2000.<\/p>\n<p>26.Ozmen V : H\u00fcrthle h\u00fccreli tiroid kanseri. Tiroid Hastal\u0131klar\u0131, Ed.G\u00fcrcan \u00dcnal, \u0130stanbul Cerrahpa\u015fa T\u0131p Fak\u00fcltesi Yay\u0131nlar\u0131, AB Ofset bas\u0131n Yay\u0131n Matbaac\u0131l\u0131k, Ankara, 2000.<\/p>\n<p>27.Ozmen V : Meme kanserinin tedavisinde aksillan\u0131n yeri ve sentinel lenf nod\u00fcl\u00fc biyopsisi. Meme Hastal\u0131klar\u0131, Ed.G\u00fcrcan \u00dcnal, Hilal \u00dcnal. Nobel T\u0131p Kitabevleri, \u0130stanbul, 2001.<\/p>\n<p>28.Ozmen V : Meme Kanseri. Genel Cerrahi, Edit\u00f6rler: G Kalayc\u0131, K Acarl\u0131, K Demirkol, C Ertekin, S Mercan, V \u00d6zmen, N S\u00f6k\u00fc\u00fcc\u00fc, S Tezelman. Nobel T\u0131p Kitabevleri, \u0130stanbul 2002.<\/p>\n<p>29.Ozmen V : Cerrahi Onkoloji. Genel Cerrahi, Edit\u00f6rler: G Kalayc\u0131, K Acarl\u0131, K Demirkol, C Ertekin, S Mercan, V \u00d6zmen, N S\u00f6k\u00fc\u00fcc\u00fc, S Tezelman. Nobel T\u0131p Kitabevleri, \u0130stanbul, 2002.<\/p>\n<p>30.Ozmen V: Meme kanseri otolog kemik ili\u011fi transplantasyonu. G\u00fcncel Cerrahi Tedavi(\u00c7eviri edit\u00f6rleri:S.Erg\u00fcney, Y.\u00c7i\u00e7ek), sayfa:630-633, Avrupa T\u0131p Kitap\u00e7\u0131l\u0131k, 2002 Istanbul.<\/p>\n<p>31.Ozmen V : Locally advanced breast cancer. In Breast Cancer (Textbook), E.Topuz, M.Din\u00e7er, A.Ayd\u0131ner editors, pp: 444-449, Nobel T\u0131p Kitabevi 2003.<\/p>\n<p>32.Ozmen V : \u0130nflamatuar meme kanserinde cerrahi. Meme Kanseri, sayfa:450-453,Edit\u00f6rler: E.Topuz, M.Din\u00e7er, A.Ayd\u0131ner, Nobel T\u0131p Kitabevi 2003.<\/p>\n<p>33.Ozmen V : Meme koruyucu cerrahi giri\u015fimde prospektif randomize klinik \u00e7al\u0131\u015fmalar. In Breast Cancer (Textbook), E.Topuz, M.Din\u00e7er, A.Ayd\u0131ner editors, pp.297-300, Nobel T\u0131p Kitabevi 2003.<\/p>\n<p>34.Ozmen V : Erken evre meme kanserinde sentinel lenf nod\u00fcl\u00fc biyopsisi. Meme Kanseri,  sayfa:197-2000, Edit\u00f6rler: E.Topuz, M.Din\u00e7er, A.Ayd\u0131ner, Nobel T\u0131p Kitabevi 2003.<\/p>\n<p>36.Ozmen V : Erken evre meme kanserinin cerrahi tedavisi. Meme Atlas\u0131, Ortak edit\u00f6rler, 2003.<\/p>\n<p>37.Ozmen V : Sentinel lymph node biopsy. Atlas of The Breast Cancer, Ortak edit\u00f6rler, 2003.<\/p>\n<p>38.Ozmen V: Complications of breast cancer surgery. Atlas of The Breast Cancer, 2003.<\/p>\n<p>39.Ozmen V : Surgical treatment of Axilla and Sentinel Lymph node biopsy. The Breast Cancer (Edit\u00f6r: Kay\u0131han Engin), Nobel T\u0131p Kitabevi 2005, Istanbul.<\/p>\n<p>40.Ozmen V: Surgical Oncology (Chapter 3). Manual of Oncology (Ortak Edit\u00f6rler), Turgut Yay\u0131nc\u0131l\u0131k A\u015e,  2006, \u0130stanbul.<\/p>\n<p>41.Ozmen V, Aydiner A, Topuz E, Dincer M: Breast Cancer (Chapter 7). Manual of Oncology (Ortak Edit\u00f6rler), Turgut Yay\u0131nc\u0131l\u0131k A\u015e,  2006, \u0130stanbul.<\/p>\n<p>42.Ozmen V, Ayd\u0131ner A, Topuz E, Din\u00e7er M: Gastrointestinal tumors (Chapter 8). Manual of<br \/>\nOncology  (Ortak Edit\u00f6rler), Turgut Yay\u0131nc\u0131l\u0131k A\u015e,  2006, \u0130stanbul.<\/p>\n<p>43.OzmenV. Laparoscopic Hiatal Surgery. In Cerrahide Yeni Ufuklar, S Baskan and M \u00d6zmen eds., G\u00fcne\u015f T\u0131p Kitabevleri,Ankara 2009, pp.73-103.<\/p>\n<p>44.Ozmen V. The Disease Burden of Mastectomy: Turkish Perspective and Impact on the Patient and Family. In Handbook of Disease Burdens and Quality of Life Measures Victor R. Preedy, Ronald R. Watson (Eds.) pp.865-885,  Springer Science+Business Media LLC 2010 (USA).<\/p>\n<p>45.Ozmen V. Surgical management of early breast cancer. In Breast Diseases (Textbook), V Ozmen et al.(eds), Gunes TIP Kitabevi, Ankara, 2011 (Textbook), pp.351-367. <\/p>\n<p>46.Ozmen V. Breast Cancer in Turkey. Editor :Vahit Ozmen, Yelken Basim Yay\u0131n Sanayi ve Ticaret Ltd. Sirketi, 2nd edition. Istanbul Mart 2013. ISBN:978-605-63575-2-7<\/p>\n<p>47.Ozmen V, Ozmen T. (Editors), Breast Disease, Print Center, 1st Edition, 2016, Istanbul, Turkey..<\/p>\n<p>48.Ozmen V, Ozmen T, Dogru V (Editors). Breast cancer in Turkey: Analyses of 20.000 patients.2017.Cinius Yay\u0131nevi, Istanbul, Turkey.<\/p>\n","protected":false},"excerpt":{"rendered":"<p>Editorials and book chapters of Prof.Dr.Vahit \u00d6zmen 1.Ozmen V ( Edit\u00f6rler:Da\u011fo\u011flu T, Bozfak\u0131o\u011flu Y, De\u011ferli \u00dc): Cerrahide Modern Teknikler. \u00c7eviri:Mastery of Surgery, Nyhus L, Baker RJ, Nobel T\u0131p Kitabevi,\u0130stanbul, 1988. 2.Ozmen V : Multipl travma. Cerrahinin S\u0131rlar\u0131, Edit\u00f6r:De\u011ferli \u00dc,Nobel T\u0131p<span class=\"ellipsis\">&hellip;<\/span><\/p>\n<div class=\"read-more\"><a href=\"https:\/\/vahitozmen.com\/e\/publications\/book-chapters-in-turkish\/\">Read more &#8250;<\/a><\/div>\n<p><!-- end of .read-more --><\/p>\n","protected":false},"author":1,"featured_media":0,"parent":955,"menu_order":0,"comment_status":"closed","ping_status":"open","template":"content-sidebar-page.php","meta":[],"_links":{"self":[{"href":"https:\/\/vahitozmen.com\/e\/wp-json\/wp\/v2\/pages\/969"}],"collection":[{"href":"https:\/\/vahitozmen.com\/e\/wp-json\/wp\/v2\/pages"}],"about":[{"href":"https:\/\/vahitozmen.com\/e\/wp-json\/wp\/v2\/types\/page"}],"author":[{"embeddable":true,"href":"https:\/\/vahitozmen.com\/e\/wp-json\/wp\/v2\/users\/1"}],"replies":[{"embeddable":true,"href":"https:\/\/vahitozmen.com\/e\/wp-json\/wp\/v2\/comments?post=969"}],"version-history":[{"count":9,"href":"https:\/\/vahitozmen.com\/e\/wp-json\/wp\/v2\/pages\/969\/revisions"}],"predecessor-version":[{"id":1219,"href":"https:\/\/vahitozmen.com\/e\/wp-json\/wp\/v2\/pages\/969\/revisions\/1219"}],"up":[{"embeddable":true,"href":"https:\/\/vahitozmen.com\/e\/wp-json\/wp\/v2\/pages\/955"}],"wp:attachment":[{"href":"https:\/\/vahitozmen.com\/e\/wp-json\/wp\/v2\/media?parent=969"}],"curies":[{"name":"wp","href":"https:\/\/api.w.org\/{rel}","templated":true}]}}