{"id":988,"date":"2013-02-24T15:04:02","date_gmt":"2013-02-24T13:04:02","guid":{"rendered":"http:\/\/www.vahitozmen.com\/e\/?page_id=988"},"modified":"2013-02-24T15:49:10","modified_gmt":"2013-02-24T13:49:10","slug":"contact","status":"publish","type":"page","link":"https:\/\/vahitozmen.com\/e\/contact\/","title":{"rendered":"Contact"},"content":{"rendered":"<blockquote>\n<p><img loading=\"lazy\" style=\"padding-top:12px\" src=\"http:\/\/www.vahitozmen.com\/t\/wp-content\/uploads\/2013\/01\/epostaicon.png\" alt=\"epostaicon\" width=\"34\" height=\"35\" \/><\/p>\n<p>e-mail : <a href=\"mailto:vozmen@istanbul.edu.tr\">vozmen@istanbul.edu.tr<\/a><\/p>\n<\/blockquote>\n<blockquote>\n<p><img loading=\"lazy\" style=\"margin-bottom:2px\" src=\"http:\/\/www.vahitozmen.com\/t\/wp-content\/uploads\/2013\/01\/24hours.gif\" alt=\"\u0130stanbul \u00dcniversitesi \u0130stanbul T\u0131p Fak\u00fcltesi\" width=\"232\" height=\"70\" \/><\/p>\n<p><strong>\u0130stanbul \u00dcniversitesi \u0130stanbul T\u0131p Fak\u00fcltesi Genel Cerrahi A.D<\/strong><br \/>\nAddress : \u00c7apa 34390 \u0130stanbul<br \/>\nTel : (0212) 414 20 00 &#8211; (0212) 534 02 10<br \/>\nFax : (0212) 534 02 10<\/p>\n<\/blockquote>\n<blockquote>\n<p><img loading=\"lazy\" style=\"margin-bottom:2px\" src=\"http:\/\/www.vahitozmen.com\/t\/wp-content\/uploads\/2013\/01\/florence_logo.png\" alt=\"florence_logo\" width=\"261\" height=\"67\" \/><\/p>\n<p><strong>\u0130stanbul Florence Nightingale Hastanesi Meme Sa\u011fl\u0131\u011f\u0131 Merkezi<\/strong><br \/>\nAddress : Abide-i Hurriyet Cad. No: 164 \u015ei\u015fli \u2013 \u0130stanbul<br \/>\nTel :  (0212) 375 62 80\n<\/p><\/blockquote>\n<blockquote>\n<p><strong>Meme Sa\u011fl\u0131\u011f\u0131 Derne\u011fi (Memeder)<\/strong><br \/>\nAddress : Bah\u00e7e\u015fehir Geli\u015fim Akademisi Binas\u0131 Bodrum Kat No:1 34538 Bah\u00e7e\u015fehir-Ba\u015fak\u015fehir\/\u0130stanbul<br \/>\nTel : (0212) 669 84 51<br \/>\nFax : (0212) 669 42 81<\/p>\n<\/blockquote>\n","protected":false},"excerpt":{"rendered":"<p>e-mail : vozmen@istanbul.edu.tr \u0130stanbul \u00dcniversitesi \u0130stanbul T\u0131p Fak\u00fcltesi Genel Cerrahi A.D Address : \u00c7apa 34390 \u0130stanbul Tel : (0212) 414 20 00 &#8211; (0212) 534 02 10 Fax : (0212) 534 02 10 \u0130stanbul Florence Nightingale Hastanesi Meme Sa\u011fl\u0131\u011f\u0131 Merkezi<span class=\"ellipsis\">&hellip;<\/span><\/p>\n<div class=\"read-more\"><a href=\"https:\/\/vahitozmen.com\/e\/contact\/\">Read more &#8250;<\/a><\/div>\n<p><!-- end of .read-more --><\/p>\n","protected":false},"author":1,"featured_media":0,"parent":0,"menu_order":0,"comment_status":"closed","ping_status":"open","template":"content-sidebar-page.php","meta":[],"_links":{"self":[{"href":"https:\/\/vahitozmen.com\/e\/wp-json\/wp\/v2\/pages\/988"}],"collection":[{"href":"https:\/\/vahitozmen.com\/e\/wp-json\/wp\/v2\/pages"}],"about":[{"href":"https:\/\/vahitozmen.com\/e\/wp-json\/wp\/v2\/types\/page"}],"author":[{"embeddable":true,"href":"https:\/\/vahitozmen.com\/e\/wp-json\/wp\/v2\/users\/1"}],"replies":[{"embeddable":true,"href":"https:\/\/vahitozmen.com\/e\/wp-json\/wp\/v2\/comments?post=988"}],"version-history":[{"count":11,"href":"https:\/\/vahitozmen.com\/e\/wp-json\/wp\/v2\/pages\/988\/revisions"}],"predecessor-version":[{"id":996,"href":"https:\/\/vahitozmen.com\/e\/wp-json\/wp\/v2\/pages\/988\/revisions\/996"}],"wp:attachment":[{"href":"https:\/\/vahitozmen.com\/e\/wp-json\/wp\/v2\/media?parent=988"}],"curies":[{"name":"wp","href":"https:\/\/api.w.org\/{rel}","templated":true}]}}