{"id":104,"date":"2013-01-31T13:24:54","date_gmt":"2013-01-31T11:24:54","guid":{"rendered":"http:\/\/localhost\/vozmenyeniweb\/?page_id=104"},"modified":"2013-03-04T03:14:41","modified_gmt":"2013-03-04T01:14:41","slug":"bilimsel-yayinlar","status":"publish","type":"page","link":"https:\/\/vahitozmen.com\/t\/bilimsel-yayinlar\/","title":{"rendered":"Bilimsel Yay\u0131nlar"},"content":{"rendered":"<h2 class=\"h2b\">Bilimsel Yay\u0131nlar<\/h2>\n<ul class=\"lcp_catlist\" id=\"lcp_instance_0\"><li ><a href=\"https:\/\/vahitozmen.com\/t\/bilimsel-yayinlar\/turkce-bildiriler\/\" title=\"T\u00fcrk\u00e7e Bildiriler\">T\u00fcrk\u00e7e Bildiriler<\/a><\/li><li ><a href=\"https:\/\/vahitozmen.com\/t\/bilimsel-yayinlar\/yabanci-dilde-bildiriler\/\" title=\"Yabanc\u0131 Dilde Bildiriler\">Yabanc\u0131 Dilde Bildiriler<\/a><\/li><li ><a href=\"https:\/\/vahitozmen.com\/t\/bilimsel-yayinlar\/turkce-makaleleri\/\" title=\"T\u00fcrk\u00e7e Makaleleri\">T\u00fcrk\u00e7e Makaleleri<\/a><\/li><li ><a href=\"https:\/\/vahitozmen.com\/t\/bilimsel-yayinlar\/yabanci-dilde-makaleleri\/\" title=\"Yabanc\u0131 Dilde Makaleleri\">Yabanc\u0131 Dilde Makaleleri<\/a><\/li><li ><a href=\"https:\/\/vahitozmen.com\/t\/bilimsel-yayinlar\/kitaplardaki-yazilari\/\" title=\"Kitaplardaki Yaz\u0131lar\u0131\">Kitaplardaki Yaz\u0131lar\u0131<\/a><\/li><li ><a href=\"https:\/\/vahitozmen.com\/t\/bilimsel-yayinlar\/yayin-kurulunda-oldugu-dergiler\/\" title=\"Edit\u00f6r, Yay\u0131n Kurulu, Hakem Oldu\u011fu Dergiler\">Edit\u00f6r, Yay\u0131n Kurulu, Hakem Oldu\u011fu Dergiler<\/a><\/li><li ><a href=\"https:\/\/vahitozmen.com\/t\/bilimsel-yayinlar\/katkida-bulundugu-kurslar-ve-kongreler\/\" title=\"Katk\u0131da Bulundu\u011fu Kurslar ve Kongreler\">Katk\u0131da Bulundu\u011fu Kurslar ve Kongreler<\/a><\/li><li ><a href=\"https:\/\/vahitozmen.com\/t\/bilimsel-yayinlar\/konusmaci-olarak-katildigi-toplantilar\/\" title=\"Konu\u015fmac\u0131 Olarak Kat\u0131ld\u0131\u011f\u0131 Toplant\u0131lar\">Konu\u015fmac\u0131 Olarak Kat\u0131ld\u0131\u011f\u0131 Toplant\u0131lar<\/a><\/li><\/ul>\n","protected":false},"excerpt":{"rendered":"<p>Bilimsel Yay\u0131nlar<\/p>\n","protected":false},"author":1,"featured_media":0,"parent":0,"menu_order":3,"comment_status":"closed","ping_status":"open","template":"content-sidebar-page.php","meta":{"ngg_post_thumbnail":0},"_links":{"self":[{"href":"https:\/\/vahitozmen.com\/t\/wp-json\/wp\/v2\/pages\/104"}],"collection":[{"href":"https:\/\/vahitozmen.com\/t\/wp-json\/wp\/v2\/pages"}],"about":[{"href":"https:\/\/vahitozmen.com\/t\/wp-json\/wp\/v2\/types\/page"}],"author":[{"embeddable":true,"href":"https:\/\/vahitozmen.com\/t\/wp-json\/wp\/v2\/users\/1"}],"replies":[{"embeddable":true,"href":"https:\/\/vahitozmen.com\/t\/wp-json\/wp\/v2\/comments?post=104"}],"version-history":[{"count":21,"href":"https:\/\/vahitozmen.com\/t\/wp-json\/wp\/v2\/pages\/104\/revisions"}],"predecessor-version":[{"id":1051,"href":"https:\/\/vahitozmen.com\/t\/wp-json\/wp\/v2\/pages\/104\/revisions\/1051"}],"wp:attachment":[{"href":"https:\/\/vahitozmen.com\/t\/wp-json\/wp\/v2\/media?parent=104"}],"curies":[{"name":"wp","href":"https:\/\/api.w.org\/{rel}","templated":true}]}}