{"id":124,"date":"2013-01-31T14:26:34","date_gmt":"2013-01-31T12:26:34","guid":{"rendered":"http:\/\/localhost\/vozmenyeniweb\/?page_id=124"},"modified":"2013-02-24T13:27:22","modified_gmt":"2013-02-24T11:27:22","slug":"haberler","status":"publish","type":"page","link":"https:\/\/vahitozmen.com\/t\/haberler\/","title":{"rendered":"Haberler"},"content":{"rendered":"<ul class=\"lcp_catlist\" id=\"lcp_instance_0\"><li ><a href=\"https:\/\/vahitozmen.com\/t\/haber\/kadina-nefes-odulleri\/\" title=\"Kad\u0131na Nefes \u00d6d\u00fclleri\">Kad\u0131na Nefes \u00d6d\u00fclleri<\/a><a href=\"https:\/\/vahitozmen.com\/t\/haber\/kadina-nefes-odulleri\/\" title=\"Kad\u0131na Nefes \u00d6d\u00fclleri\"><img width=\"150\" height=\"150\" src=\"https:\/\/vahitozmen.com\/t\/wp-content\/uploads\/2026\/02\/kadina-nefes-150x150.jpg\" class=\"lcp_thumbnail wp-post-image\" alt=\"Kad\u0131na Nefes \u00d6d\u00fclleri\" loading=\"lazy\" \/><\/a><\/li><li ><a href=\"https:\/\/vahitozmen.com\/t\/haber\/22-dunya-meme-sagligi-ve-meme-kanseri-kongresi\/\" title=\"22. D\u00fcnya Meme Sa\u011fl\u0131\u011f\u0131 ve Meme Kanseri Kongresi\">22. D\u00fcnya Meme Sa\u011fl\u0131\u011f\u0131 ve Meme Kanseri Kongresi<\/a><\/li><li ><a href=\"https:\/\/vahitozmen.com\/t\/haber\/22-world-breast-health-cancer-kongresi\/\" title=\"22. World Breast Health &#038; Cancer Kongresi\">22. World Breast Health &#038; Cancer Kongresi<\/a><\/li><li ><a href=\"https:\/\/vahitozmen.com\/t\/haber\/azerbaycan-meme-kongresi\/\" title=\"Azerbaycan Meme Kongresi\">Azerbaycan Meme Kongresi<\/a><\/li><li ><a href=\"https:\/\/vahitozmen.com\/t\/haber\/10ncu-panhelenik-meme-cerrahisi-kongresi\/\" title=\"10&#8217;ncu Panhelenik Meme Cerrahisi Kongresi\">10&#8217;ncu Panhelenik Meme Cerrahisi Kongresi<\/a><\/li><li ><a href=\"https:\/\/vahitozmen.com\/t\/haber\/acs-clinical-congress\/\" title=\"ACS Clinical Congress\">ACS Clinical Congress<\/a><\/li><li ><a href=\"https:\/\/vahitozmen.com\/t\/haber\/meme-kanseri-rehberi\/\" title=\"Meme Kanseri Rehberi\">Meme Kanseri Rehberi<\/a><\/li><li ><a href=\"https:\/\/vahitozmen.com\/t\/haber\/caca-sis-meme-cerrahisi-kongresi\/\" title=\"CACA-SIS Meme Cerrahisi Kongresi\">CACA-SIS Meme Cerrahisi Kongresi<\/a><\/li><li ><a href=\"https:\/\/vahitozmen.com\/t\/haber\/fransiz-cerrahi-akademisi-onursal-madalyasi\/\" title=\"Frans\u0131z Cerrahi Akademisi Onursal Madalyas\u0131\">Frans\u0131z Cerrahi Akademisi Onursal Madalyas\u0131<\/a><a href=\"https:\/\/vahitozmen.com\/t\/haber\/fransiz-cerrahi-akademisi-onursal-madalyasi\/\" title=\"Frans\u0131z Cerrahi Akademisi Onursal Madalyas\u0131\"><img width=\"150\" height=\"150\" src=\"https:\/\/vahitozmen.com\/t\/wp-content\/uploads\/2024\/10\/fransiz-cerrahi-akademi-1-150x150.jpg\" class=\"lcp_thumbnail wp-post-image\" alt=\"Frans\u0131z Cerrahi Akademisi Onursal Madalyas\u0131\" loading=\"lazy\" \/><\/a><\/li><li ><a href=\"https:\/\/vahitozmen.com\/t\/haber\/ad-scientific-index-2025\/\" title=\"AD Scientific Index 2025\">AD Scientific Index 2025<\/a><\/li><li ><a href=\"https:\/\/vahitozmen.com\/t\/haber\/congress-of-european-society-of-lymphology\/\" title=\"Congress of European Society of Lymphology\">Congress of European Society of Lymphology<\/a><\/li><li ><a href=\"https:\/\/vahitozmen.com\/t\/haber\/meme-kanseri-konferansi\/\" title=\"Meme Kanseri Konferans\u0131\">Meme Kanseri Konferans\u0131<\/a><\/li><li ><a href=\"https:\/\/vahitozmen.com\/t\/haber\/turk-cerrahi-dernegi-sis-baskanligi-mesaji\/\" title=\"T\u00fcrk Cerrahi Derne\u011fi SIS Ba\u015fkanl\u0131\u011f\u0131 Mesaj\u0131\">T\u00fcrk Cerrahi Derne\u011fi SIS Ba\u015fkanl\u0131\u011f\u0131 Mesaj\u0131<\/a><\/li><li ><a href=\"https:\/\/vahitozmen.com\/t\/haber\/meme-kanserinde-guncel-yaklasimlar\/\" title=\"Meme Kanserinde G\u00fcncel Yakla\u015f\u0131mlar\">Meme Kanserinde G\u00fcncel Yakla\u015f\u0131mlar<\/a><a href=\"https:\/\/vahitozmen.com\/t\/haber\/meme-kanserinde-guncel-yaklasimlar\/\" title=\"Meme Kanserinde G\u00fcncel Yakla\u015f\u0131mlar\"><img width=\"150\" height=\"150\" src=\"https:\/\/vahitozmen.com\/t\/wp-content\/uploads\/2023\/12\/meme-kanserinde-guncel-yaklasimlar-t-150x150.jpg\" class=\"lcp_thumbnail wp-post-image\" alt=\"Meme Kanserinde G\u00fcncel Yakla\u015f\u0131mlar\" loading=\"lazy\" \/><\/a><\/li><li ><a href=\"https:\/\/vahitozmen.com\/t\/haber\/17-ulusal-meme-hastaliklari-kongresi\/\" title=\"17. Ulusal Meme Hastal\u0131klar\u0131 Kongresi\">17. Ulusal Meme Hastal\u0131klar\u0131 Kongresi<\/a><\/li><\/ul>\n","protected":false},"excerpt":{"rendered":"","protected":false},"author":1,"featured_media":0,"parent":0,"menu_order":8,"comment_status":"closed","ping_status":"open","template":"","meta":{"ngg_post_thumbnail":0},"_links":{"self":[{"href":"https:\/\/vahitozmen.com\/t\/wp-json\/wp\/v2\/pages\/124"}],"collection":[{"href":"https:\/\/vahitozmen.com\/t\/wp-json\/wp\/v2\/pages"}],"about":[{"href":"https:\/\/vahitozmen.com\/t\/wp-json\/wp\/v2\/types\/page"}],"author":[{"embeddable":true,"href":"https:\/\/vahitozmen.com\/t\/wp-json\/wp\/v2\/users\/1"}],"replies":[{"embeddable":true,"href":"https:\/\/vahitozmen.com\/t\/wp-json\/wp\/v2\/comments?post=124"}],"version-history":[{"count":11,"href":"https:\/\/vahitozmen.com\/t\/wp-json\/wp\/v2\/pages\/124\/revisions"}],"predecessor-version":[{"id":697,"href":"https:\/\/vahitozmen.com\/t\/wp-json\/wp\/v2\/pages\/124\/revisions\/697"}],"wp:attachment":[{"href":"https:\/\/vahitozmen.com\/t\/wp-json\/wp\/v2\/media?parent=124"}],"curies":[{"name":"wp","href":"https:\/\/api.w.org\/{rel}","templated":true}]}}