{"id":238,"date":"2013-01-31T17:58:36","date_gmt":"2013-01-31T15:58:36","guid":{"rendered":"http:\/\/localhost\/vozmenyeniweb\/?page_id=238"},"modified":"2013-12-20T13:26:24","modified_gmt":"2013-12-20T11:26:24","slug":"hastalar-icin","status":"publish","type":"page","link":"https:\/\/vahitozmen.com\/t\/hastalar-icin\/","title":{"rendered":"Hastalar \u0130\u00e7in"},"content":{"rendered":"<h2 class=\"h2b\">Giri\u015f<\/h2>\n<p>Yap\u0131lan \u00e7al\u0131\u015fmalar, meme kanseri s\u0131kl\u0131\u011f\u0131n\u0131n giderek artt\u0131\u011f\u0131n\u0131 g\u00f6stermektedir. Geli\u015fmi\u015f \u00fclkelerde meme kanseri kad\u0131nlar\u0131n en s\u0131k g\u00f6r\u00fclen kanseri olup, her 8 kad\u0131ndan birinin bu kansere yakalanaca\u011f\u0131 kabul edilmektedir. \u00dclkemizde de meme kanseri, kad\u0131nlar\u0131n en s\u0131k g\u00f6r\u00fclen ve en s\u0131k \u00f6l\u00fcm nedeni olan kanseridir.<\/p>\n<p>ABD ve Avrupa&#8217;da meme kanseri s\u0131k g\u00f6r\u00fclmesine ra\u011fmen, mamografinin tarama y\u00f6ntemi olarak kullan\u0131lmas\u0131 erken tan\u0131y\u0131 sa\u011flamaktad\u0131r. Bu sayede her 3 kad\u0131ndan birisinin meme kanserinden tamamen kurtulmas\u0131 m\u00fcmk\u00fcn olmaktad\u0131r.<\/p>\n<p>Meme kanserini erken yakalamak amac\u0131 ile;<br \/>\n1. Yirmi ya\u015f\u0131ndan itibaren ayda bir kez memelerinizi muayene ediniz.<br \/>\n2. Yirmi ya\u015f\u0131ndan itibaren 40 ya\u015f\u0131na kadar \u00fc\u00e7 y\u0131lda bir kez, 40 ya\u015f\u0131ndan itibaren y\u0131lda bir kez genel cerrahi uzman\u0131na meme muayenesi olunuz.<br \/>\n3. K\u0131rk ya\u015f\u0131ndan itibaren y\u0131lda bir kez mamografi \u00e7ektiriniz.<\/p>\n<h2 class=\"h2b\">Meme Muayenesi<\/h2>\n<ul class=\"lcp_catlist\" id=\"lcp_instance_0\"><li ><a href=\"https:\/\/vahitozmen.com\/t\/hastalar-icin-bilgiler\/meme-muayenesi\/meme\/\" title=\"Meme\">Meme<\/a><\/li><li ><a href=\"https:\/\/vahitozmen.com\/t\/hastalar-icin-bilgiler\/meme-muayenesi\/memede-kitleler\/\" title=\"Memede Kitleler\">Memede Kitleler<\/a><\/li><li ><a href=\"https:\/\/vahitozmen.com\/t\/hastalar-icin-bilgiler\/meme-muayenesi\/meme-basi-akintilari\/\" title=\"Meme Ba\u015f\u0131 Ak\u0131nt\u0131lar\u0131\">Meme Ba\u015f\u0131 Ak\u0131nt\u0131lar\u0131<\/a><\/li><li ><a href=\"https:\/\/vahitozmen.com\/t\/hastalar-icin-bilgiler\/meme-muayenesi\/kendi-kendine-meme-muayenesi\/\" title=\"Kendi Kendine Meme Muayenesi\">Kendi Kendine Meme Muayenesi<\/a><\/li><li ><a href=\"https:\/\/vahitozmen.com\/t\/hastalar-icin-bilgiler\/meme-muayenesi\/klinikte-meme-muayenesi\/\" title=\"Klinikte Meme Muayenesi\">Klinikte Meme Muayenesi<\/a><\/li><li ><a href=\"https:\/\/vahitozmen.com\/t\/hastalar-icin-bilgiler\/meme-muayenesi\/mamografi\/\" title=\"Mamografi\">Mamografi<\/a><\/li><\/ul>\n<h2 class=\"h2b\">Tan\u0131<\/h2>\n<ul class=\"lcp_catlist\" id=\"lcp_instance_0\"><li ><a href=\"https:\/\/vahitozmen.com\/t\/hastalar-icin-bilgiler\/tani\/belirti-ve-bulgular\/\" title=\"Meme Kanseri Belirti ve Bulgular\u0131\">Meme Kanseri Belirti ve Bulgular\u0131<\/a><\/li><li ><a href=\"https:\/\/vahitozmen.com\/t\/hastalar-icin-bilgiler\/tani\/tarama\/\" title=\"Tarama\">Tarama<\/a><\/li><li ><a href=\"https:\/\/vahitozmen.com\/t\/hastalar-icin-bilgiler\/tani\/erken-tani\/\" title=\"Erken Tan\u0131\">Erken Tan\u0131<\/a><\/li><li ><a href=\"https:\/\/vahitozmen.com\/t\/hastalar-icin-bilgiler\/tani\/kanseri-anlamak\/\" title=\"Kanseri anlamak. Kanser nedir?\">Kanseri anlamak. Kanser nedir?<\/a><\/li><li ><a href=\"https:\/\/vahitozmen.com\/t\/hastalar-icin-bilgiler\/tani\/tani\/\" title=\"Tan\u0131\">Tan\u0131<\/a><\/li><li ><a href=\"https:\/\/vahitozmen.com\/t\/hastalar-icin-bilgiler\/tani\/evrelendirme\/\" title=\"Evrelendirme\">Evrelendirme<\/a><\/li><li ><a href=\"https:\/\/vahitozmen.com\/t\/hastalar-icin-bilgiler\/tani\/belirtiler\/\" title=\"Belirtiler\">Belirtiler<\/a><\/li><li ><a href=\"https:\/\/vahitozmen.com\/t\/hastalar-icin-bilgiler\/tani\/ilave-testler\/\" title=\"\u0130lave Testler\">\u0130lave Testler<\/a><\/li><\/ul>\n<h2 class=\"h2b\">Tedavi ve Bak\u0131m<\/h2>\n<ul class=\"lcp_catlist\" id=\"lcp_instance_0\"><li ><a href=\"https:\/\/vahitozmen.com\/t\/hastalar-icin-bilgiler\/tedavi-ve-bakim\/tedavi\/\" title=\"Tedavi\">Tedavi<\/a><\/li><li ><a href=\"https:\/\/vahitozmen.com\/t\/hastalar-icin-bilgiler\/tedavi-ve-bakim\/meme-rekonstruksiyonu\/\" title=\"Meme Rekonstr\u00fcksiyonu\">Meme Rekonstr\u00fcksiyonu<\/a><\/li><li ><a href=\"https:\/\/vahitozmen.com\/t\/hastalar-icin-bilgiler\/tedavi-ve-bakim\/kanser-tedavisinin-yan-etkileri\/\" title=\"Kanser Tedavisinin Yan Etkileri\">Kanser Tedavisinin Yan Etkileri<\/a><\/li><li ><a href=\"https:\/\/vahitozmen.com\/t\/hastalar-icin-bilgiler\/tedavi-ve-bakim\/lenfodem-kol-odemi\/\" title=\"Lenf\u00f6dem (Kol \u00f6demi)\">Lenf\u00f6dem (Kol \u00f6demi)<\/a><\/li><li ><a href=\"https:\/\/vahitozmen.com\/t\/hastalar-icin-bilgiler\/tedavi-ve-bakim\/meme-ameliyati-sonrasi-gunluk-bakim\/\" title=\"Meme Ameliyat\u0131 Sonras\u0131 G\u00fcnl\u00fck Bak\u0131m\">Meme Ameliyat\u0131 Sonras\u0131 G\u00fcnl\u00fck Bak\u0131m<\/a><\/li><li ><a href=\"https:\/\/vahitozmen.com\/t\/hastalar-icin-bilgiler\/tedavi-ve-bakim\/iyilesme\/\" title=\"\u0130yile\u015fme\">\u0130yile\u015fme<\/a><\/li><\/ul>\n<h2 class=\"h2b\">Tedavi \u00dczerine Ara\u015ft\u0131rmalar<\/h2>\n<ul class=\"lcp_catlist\" id=\"lcp_instance_0\"><li ><a href=\"https:\/\/vahitozmen.com\/t\/hastalar-icin-bilgiler\/tedavi-uzerine-arastirmalar\/meme-kanserinin-nedenleri-hakkindaki-arastirmalar\/\" title=\"Meme Kanserinin Nedenleri Hakk\u0131ndaki Ara\u015ft\u0131rmalar\">Meme Kanserinin Nedenleri Hakk\u0131ndaki Ara\u015ft\u0131rmalar<\/a><\/li><li ><a href=\"https:\/\/vahitozmen.com\/t\/hastalar-icin-bilgiler\/tedavi-uzerine-arastirmalar\/meme-kanserinin-onlenmesi-uzerine-arastirmalar\/\" title=\"Meme Kanserinin \u00d6nlenmesi \u00dczerine Ara\u015ft\u0131rmalar\">Meme Kanserinin \u00d6nlenmesi \u00dczerine Ara\u015ft\u0131rmalar<\/a><\/li><li ><a href=\"https:\/\/vahitozmen.com\/t\/hastalar-icin-bilgiler\/tedavi-uzerine-arastirmalar\/tedavi-uzerine-arastirmalar\/\" title=\"Tedavi \u00dczerine Ara\u015ft\u0131rmalar\">Tedavi \u00dczerine Ara\u015ft\u0131rmalar<\/a><\/li><li ><a href=\"https:\/\/vahitozmen.com\/t\/hastalar-icin-bilgiler\/tedavi-uzerine-arastirmalar\/tespit-ve-teshis-uzerine-arastirmalar\/\" title=\"Tespit ve Te\u015fhis \u00dczerine Ara\u015ft\u0131rmalar\">Tespit ve Te\u015fhis \u00dczerine Ara\u015ft\u0131rmalar<\/a><\/li><\/ul>\n<h2 class=\"h2b\">Di\u011fer bilgiler<\/h2>\n<ul class=\"lcp_catlist\" id=\"lcp_instance_0\"><li ><a href=\"https:\/\/vahitozmen.com\/t\/hastalar-icin-bilgiler\/genel-bilgiler\/kanser-mitleri\/\" title=\"Kanser Mitleri\">Kanser Mitleri<\/a><\/li><li ><a href=\"https:\/\/vahitozmen.com\/t\/hastalar-icin-bilgiler\/genel-bilgiler\/sikca-sorulan-sorular\/\" title=\"S\u0131k\u00e7a Sorulan Sorular\">S\u0131k\u00e7a Sorulan Sorular<\/a><\/li><li ><a href=\"https:\/\/vahitozmen.com\/t\/hastalar-icin-bilgiler\/genel-bilgiler\/meme-kanseri-risk-faktorleri\/\" title=\"Meme Kanseri Risk Fakt\u00f6rleri\">Meme Kanseri Risk Fakt\u00f6rleri<\/a><\/li><li ><a href=\"https:\/\/vahitozmen.com\/t\/hastalar-icin-bilgiler\/genel-bilgiler\/tamamlayici-ve-alternatif-tip\/\" title=\"Tamamlay\u0131c\u0131 ve Alternatif T\u0131p\">Tamamlay\u0131c\u0131 ve Alternatif T\u0131p<\/a><\/li><\/ul>\n","protected":false},"excerpt":{"rendered":"<p>Giri\u015f Yap\u0131lan \u00e7al\u0131\u015fmalar, meme kanseri s\u0131kl\u0131\u011f\u0131n\u0131n giderek artt\u0131\u011f\u0131n\u0131 g\u00f6stermektedir. Geli\u015fmi\u015f \u00fclkelerde meme kanseri kad\u0131nlar\u0131n en s\u0131k g\u00f6r\u00fclen kanseri olup, her 8 kad\u0131ndan birinin bu kansere yakalanaca\u011f\u0131 kabul edilmektedir. \u00dclkemizde de meme kanseri, kad\u0131nlar\u0131n en s\u0131k g\u00f6r\u00fclen ve en s\u0131k \u00f6l\u00fcm<span class=\"ellipsis\">&hellip;<\/span><\/p>\n<div class=\"read-more\"><a href=\"https:\/\/vahitozmen.com\/t\/hastalar-icin\/\">Read more &#8250;<\/a><\/div>\n<p><!-- end of .read-more --><\/p>\n","protected":false},"author":1,"featured_media":0,"parent":0,"menu_order":4,"comment_status":"closed","ping_status":"open","template":"content-sidebar-page.php","meta":{"ngg_post_thumbnail":0},"_links":{"self":[{"href":"https:\/\/vahitozmen.com\/t\/wp-json\/wp\/v2\/pages\/238"}],"collection":[{"href":"https:\/\/vahitozmen.com\/t\/wp-json\/wp\/v2\/pages"}],"about":[{"href":"https:\/\/vahitozmen.com\/t\/wp-json\/wp\/v2\/types\/page"}],"author":[{"embeddable":true,"href":"https:\/\/vahitozmen.com\/t\/wp-json\/wp\/v2\/users\/1"}],"replies":[{"embeddable":true,"href":"https:\/\/vahitozmen.com\/t\/wp-json\/wp\/v2\/comments?post=238"}],"version-history":[{"count":40,"href":"https:\/\/vahitozmen.com\/t\/wp-json\/wp\/v2\/pages\/238\/revisions"}],"predecessor-version":[{"id":1481,"href":"https:\/\/vahitozmen.com\/t\/wp-json\/wp\/v2\/pages\/238\/revisions\/1481"}],"wp:attachment":[{"href":"https:\/\/vahitozmen.com\/t\/wp-json\/wp\/v2\/media?parent=238"}],"curies":[{"name":"wp","href":"https:\/\/api.w.org\/{rel}","templated":true}]}}