{"id":30,"date":"2013-01-26T16:01:30","date_gmt":"2013-01-26T14:01:30","guid":{"rendered":"http:\/\/localhost\/vozmenyeniweb\/?page_id=30"},"modified":"2014-12-04T12:44:24","modified_gmt":"2014-12-04T10:44:24","slug":"iletisim","status":"publish","type":"page","link":"https:\/\/vahitozmen.com\/t\/iletisim\/","title":{"rendered":"\u0130leti\u015fim"},"content":{"rendered":"<h2 class=\"h2b\">\u0130leti\u015fim<\/h2>\n<blockquote>\n<p><strong>e-posta<\/strong><\/p>\n<p><img loading=\"lazy\" style=\"padding-top:12px\" src=\"https:\/\/www.vahitozmen.com\/t\/wp-content\/uploads\/2013\/01\/epostaicon.png\" alt=\"epostaicon\" width=\"34\" height=\"35\" class=\"alignleft size-full wp-image-807\" \/><br \/>\n<a href=\"mailto:vozmen@istanbul.edu.tr\">vozmen@istanbul.edu.tr<\/a><\/p>\n<\/blockquote>\n<blockquote>\n<p class=\"alignleft\"><img loading=\"lazy\" style=\"margin-bottom:2px\" src=\"https:\/\/www.vahitozmen.com\/t\/wp-content\/uploads\/2013\/01\/24hours.gif\" alt=\"\u0130stanbul \u00dcniversitesi \u0130stanbul T\u0131p Fak\u00fcltesi\" width=\"232\" height=\"70\" class=\"alignleft size-full wp-image-800\" \/><\/p>\n<p class=\"alignleft\"><strong>\u0130stanbul \u00dcniversitesi \u0130stanbul T\u0131p Fak\u00fcltesi Genel Cerrahi A.D<\/strong><br \/>\nAdres : \u00c7apa 34390 \u0130stanbul<br \/>\nTel : (212) 414 20 00 &#8211; (212) 534 02 10<br \/>\nFax : (212) 534 02 10<\/p>\n<\/blockquote>\n<blockquote>\n<p class=\"alignleft\"><img loading=\"lazy\" style=\"margin-bottom:2px\" src=\"https:\/\/www.vahitozmen.com\/t\/wp-content\/uploads\/2013\/01\/florence_logo.png\" alt=\"florence_logo\" width=\"261\" height=\"67\" class=\"alignleft size-full wp-image-802\" \/><\/p>\n<p class=\"alignleft\"><strong>\u0130stanbul Florence Nightingale Hastanesi Meme Sa\u011fl\u0131\u011f\u0131 Merkezi<\/strong><br \/>\nAdres : Abide-i Hurriyet Cad. No: 164 \u015ei\u015fli \u2013 \u0130stanbul<br \/>\nPoliklinik Direkt Tel :  (212) 375 62 80<\/p>\n<div style=\"width:100%;overflow:hidden\">\n<iframe src=\"https:\/\/www.google.com\/maps\/embed?pb=!1m18!1m12!1m3!1d12031.62655402686!2d28.978008983176284!3d41.07103337227335!2m3!1f0!2f0!3f0!3m2!1i1024!2i768!4f13.1!3m3!1m2!1s0x0000000000000000%3A0xa3b21e148b10c3c6!2sFlorance+Nightingale+Hastanesi!5e0!3m2!1sen!2s!4v1417689291193\" width=\"580\" height=\"400\" frameborder=\"0\" style=\"border:0\"><\/iframe>\n<\/div>\n<\/blockquote>\n<blockquote>\n<p><strong>Meme Sa\u011fl\u0131\u011f\u0131 Derne\u011fi (Memeder)<\/strong><br \/>\nAdres : Bah\u00e7e\u015fehir Geli\u015fim Akademisi Binas\u0131 Bodrum Kat No:1 34538 Bah\u00e7e\u015fehir-Ba\u015fak\u015fehir\/\u0130stanbul<br \/>\nTel : (212) 669 84 51<br \/>\nFax : (212) 669 42 81<\/p>\n<\/blockquote>\n<blockquote>\n<p><strong>Muayenehane<\/strong><br \/>\nAdres :Metroport Busidence-Eski Londra Asfalt\u0131<br \/>\nK\u00fclt\u00fcr Sk. No:1 Kat:6 D:135 34180 Bah\u00e7elievler\/\u0130stanbul<br \/>\nTel : (212) 441 23 34<br \/>\nFax : (212) 442 13 43<\/p>\n<div style=\"width:100%;overflow:hidden\">\n<iframe src=\"https:\/\/www.google.com\/maps\/embed?pb=!1m14!1m8!1m3!1d3011.2282095363744!2d28.859022!3d40.998378!3m2!1i1024!2i768!4f13.1!3m3!1m2!1s0x0%3A0xccdc43c430353843!2sMetroPort+Alisveris+ve+Yasam+Merkezi!5e0!3m2!1sen!2s!4v1417689396292\" width=\"580\" height=\"400\" frameborder=\"0\" style=\"border:0\"><\/iframe>\n<\/div>\n<\/blockquote>\n","protected":false},"excerpt":{"rendered":"<p>\u0130leti\u015fim e-posta vozmen@istanbul.edu.tr \u0130stanbul \u00dcniversitesi \u0130stanbul T\u0131p Fak\u00fcltesi Genel Cerrahi A.D Adres : \u00c7apa 34390 \u0130stanbul Tel : (212) 414 20 00 &#8211; (212) 534 02 10 Fax : (212) 534 02 10 \u0130stanbul Florence Nightingale Hastanesi Meme Sa\u011fl\u0131\u011f\u0131 Merkezi<span class=\"ellipsis\">&hellip;<\/span><\/p>\n<div class=\"read-more\"><a href=\"https:\/\/vahitozmen.com\/t\/iletisim\/\">Read more &#8250;<\/a><\/div>\n<p><!-- end of .read-more --><\/p>\n","protected":false},"author":1,"featured_media":0,"parent":0,"menu_order":7,"comment_status":"closed","ping_status":"open","template":"content-sidebar-page.php","meta":{"ngg_post_thumbnail":0},"_links":{"self":[{"href":"https:\/\/vahitozmen.com\/t\/wp-json\/wp\/v2\/pages\/30"}],"collection":[{"href":"https:\/\/vahitozmen.com\/t\/wp-json\/wp\/v2\/pages"}],"about":[{"href":"https:\/\/vahitozmen.com\/t\/wp-json\/wp\/v2\/types\/page"}],"author":[{"embeddable":true,"href":"https:\/\/vahitozmen.com\/t\/wp-json\/wp\/v2\/users\/1"}],"replies":[{"embeddable":true,"href":"https:\/\/vahitozmen.com\/t\/wp-json\/wp\/v2\/comments?post=30"}],"version-history":[{"count":17,"href":"https:\/\/vahitozmen.com\/t\/wp-json\/wp\/v2\/pages\/30\/revisions"}],"predecessor-version":[{"id":801,"href":"https:\/\/vahitozmen.com\/t\/wp-json\/wp\/v2\/pages\/30\/revisions\/801"}],"wp:attachment":[{"href":"https:\/\/vahitozmen.com\/t\/wp-json\/wp\/v2\/media?parent=30"}],"curies":[{"name":"wp","href":"https:\/\/api.w.org\/{rel}","templated":true}]}}