{"id":341,"date":"2013-02-02T15:39:07","date_gmt":"2013-02-02T13:39:07","guid":{"rendered":"http:\/\/localhost\/vozmenyeniweb\/?page_id=341"},"modified":"2013-03-04T03:07:10","modified_gmt":"2013-03-04T01:07:10","slug":"meme-sagligi-merkezi-group-florence-nightingale","status":"publish","type":"page","link":"https:\/\/vahitozmen.com\/t\/meme-sagligi-merkezi-group-florence-nightingale\/","title":{"rendered":"Meme Sa\u011fl\u0131\u011f\u0131 Merkezi Group Florence Nightingale"},"content":{"rendered":"<p>Ya\u015fad\u0131\u011f\u0131m\u0131z \u00e7a\u011fda besinlerdeki katk\u0131lar, hormonlara ve ila\u00e7lara ba\u011fl\u0131 genetik yap\u0131s\u0131 de\u011fi\u015ftirilmi\u015f g\u0131dalar, stres gibi g\u00fcnl\u00fck hayatta \u00f6nemli role sahip olan fakt\u00f6rler insan sa\u011fl\u0131\u011f\u0131na olumsuz etki etmekte ve ciddi sa\u011fl\u0131k sorunlar\u0131na neden olmaktad\u0131r.<br \/>\n<a href=\"https:\/\/www.vahitozmen.com\/t\/wp-content\/uploads\/2013\/02\/meme-sagligi-merkezi-21.jpg\"><img loading=\"lazy\" src=\"https:\/\/www.vahitozmen.com\/t\/wp-content\/uploads\/2013\/02\/meme-sagligi-merkezi-21.jpg\" alt=\"meme-sagligi-merkezi\" width=\"348\" height=\"200\" class=\"aligncenter size-full wp-image-956\" \/><\/a><br \/>\nD\u00fcnya\u2019da her y\u0131l 10 milyon insan ciddi bir sa\u011fl\u0131k sorunu olan kanserin herhangi bir \u00e7e\u015fidine yakalanmaktad\u0131r. Global bilim \u00e7evresinde kanser \u00e7e\u015fitlerinin 2025 y\u0131l\u0131ndan itibaren hem d\u00fcnyada hem de T\u00fcrkiye\u2019de artaca\u011f\u0131 d\u00fc\u015f\u00fcn\u00fclmektedir. Kanser \u00e7e\u015fitleri aras\u0131nda, kad\u0131nlarda en s\u0131k g\u00f6r\u00fclen \u00e7e\u015fidi ise \u201cMeme Kanseri\u201ddir.<br \/>\nG\u00fcn\u00fcm\u00fczde meme sa\u011fl\u0131\u011f\u0131n\u0131 korumak ve meme kanserini yenmek i\u00e7in Tan\u0131- Tedavi- Tedavi Sonras\u0131 Destek a\u015famalar\u0131nda \u201cMultidisipliner\u201d Yakla\u015f\u0131m (\u00e7ok dall\u0131 bilimsel yakla\u015f\u0131m) b\u00fcy\u00fck \u00f6nem ta\u015f\u0131maktad\u0131r.<\/p>\n<p><a href=\"https:\/\/www.vahitozmen.com\/t\/wp-content\/uploads\/2013\/02\/meme-sagligi-merkezi-31.jpg\"><img loading=\"lazy\" src=\"https:\/\/www.vahitozmen.com\/t\/wp-content\/uploads\/2013\/02\/meme-sagligi-merkezi-31.jpg\" alt=\"meme-sagligi-merkezi\" width=\"301\" height=\"225\" class=\"aligncenter size-full wp-image-996\" \/><\/a><br \/>\nGroup Florence Nightingale Hastaneleri b\u00fcnyesindeki \u201cMeme Sa\u011fl\u0131\u011f\u0131 Merkezi\u201dmiz; hekim kadrosu ve multidisipliner yakla\u015f\u0131m\u0131 ile 1992 y\u0131l\u0131ndan bu yana t\u0131bbi geli\u015fmelerin \u0131\u015f\u0131\u011f\u0131nda hizmet vermektedir.<\/p>\n<blockquote><p>\nFlorence Nightingale Hastaneleri Meme Sa\u011fl\u0131\u011f\u0131 Merkezi Ekibi<\/p>\n<p>    Radyoloji (G\u00f6r\u00fcnt\u00fcleme)<br \/>\n    Prof. Dr. Refik K\u0130LL\u0130<br \/>\n    Rad. Dr. Filiz A\u011fa\u00e7ayak <\/p>\n<p>    Patoloji<br \/>\n    Prof. Dr. S\u0131tk\u0131 TUZLALI<\/p>\n<p>    N\u00fckleer T\u0131p<br \/>\n    Prof. Dr. Haluk SAYMAN<\/p>\n<p>    Cerrahi<br \/>\n    Prof. Dr. Vahit \u00d6ZMEN<br \/>\n    Op. Dr. Derya SELAMO\u011eLU\n<\/p><\/blockquote>\n<p>Meme Sa\u011fl\u0131\u011f\u0131 Merkezi\u2019nde hastam\u0131z\u0131n ya\u015fam kalitesini bozmadan en do\u011fru te\u015fhisi koymak i\u00e7in Dijital Mamografi (MMG), Ultrasonografi (USG), Renkli Doppler Ultrasonografi (RDUS ), 1.5 ve 3.0 T Manyetik Rezonans (MR) gibi g\u00f6r\u00fcnt\u00fcleme cihazlar\u0131 bulunmaktad\u0131r. Merkezimizde kullan\u0131lan bu cihazlar ile USG e\u015fli\u011finde biyopsi ( BPX), \u00f6zel masas\u0131 ile Vakumlu KOR Biyopsi yap\u0131lmaktad\u0131r.<\/p>\n<p><a href=\"https:\/\/www.vahitozmen.com\/t\/wp-content\/uploads\/2013\/02\/meme-sagligi-merkezi-41.jpg\"><img loading=\"lazy\" src=\"https:\/\/www.vahitozmen.com\/t\/wp-content\/uploads\/2013\/02\/meme-sagligi-merkezi-41.jpg\" alt=\"meme-sagligi-merkezi\" width=\"309\" height=\"225\" class=\"aligncenter size-full wp-image-997\" \/><\/a><br \/>\nMeme Sa\u011fl\u0131\u011f\u0131 Merkezi, AAMC Breast Center Meme Merkezi, Breast Health Global Inisiativite, Senelogic International Society, World Society of Breast Health, T\u00fcrkiye Meme Hastal\u0131klar\u0131 Dernekleri Federasyonu ve T\u00fcrkiye\u2019nin ilk sabit Meme Sa\u011fl\u0131\u011f\u0131 Tarama Merkezi\u2019ni kuran Meme Sa\u011fl\u0131\u011f\u0131 Derne\u011fi ( MEMEDER) ile bilimsel i\u015fbirli\u011fi i\u00e7indedir.<\/p>\n<p><a href=\"https:\/\/www.vahitozmen.com\/t\/wp-content\/uploads\/2013\/02\/meme-sagligi-merkezi-51.jpg\"><img loading=\"lazy\" src=\"https:\/\/www.vahitozmen.com\/t\/wp-content\/uploads\/2013\/02\/meme-sagligi-merkezi-51.jpg\" alt=\"meme-sagligi-merkezi\" width=\"301\" height=\"225\" class=\"aligncenter size-full wp-image-998\" \/><\/a><br \/>\nMeme Sa\u011fl\u0131\u011f\u0131 Merkezi\u2019nde bilimsel geli\u015fmelerin \u0131\u015f\u0131\u011f\u0131nda yap\u0131lan ameliyatlarda \u00f6ncelikli ama\u00e7 \u201cMeme\u201d nin korunmas\u0131 d\u0131r. \u201cLenfosintigrafi ile Sentinel Lenf Nodu \u00d6rneklemesi\u201d , \u201c Metilen Mavisi ile Sentinel Lenf Nodu \u00d6rneklemesi\u201d ve \u201c Segmental Mastektomi\u201d ile hastalar\u0131m\u0131z i\u00e7in sosyo-psikolojik a\u00e7\u0131dan \u00f6nemli bir organ olan \u201cMeme\u201d nin korunmas\u0131 i\u00e7in gereken t\u00fcm cerrahi teknikler Meme Sa\u011fl\u0131\u011f\u0131 Merkezi\u2019nde uygulanmaktad\u0131r. \u201cMeme\u201d nin al\u0131nmas\u0131 durumunda ise \u201c Mastektomi Sonras\u0131 E\u015f Zamanl\u0131 Rekonstr\u00fcksiyon\u201d ve \u201c Latissimus Dorsi Rekonstr\u00fcksiyon\u201d cerrahi teknikleri ile al\u0131nan organ\u0131n yap\u0131s\u0131na en yak\u0131n olan\u0131 konmaktad\u0131r. Amac\u0131m\u0131z hastam\u0131z\u0131n anatomik yap\u0131s\u0131na en uygun tekni\u011fi ve materyali se\u00e7erek hastam\u0131z\u0131n ya\u015fam kalitesini y\u00fcksek tutmakt\u0131r.<\/p>\n","protected":false},"excerpt":{"rendered":"<p>Ya\u015fad\u0131\u011f\u0131m\u0131z \u00e7a\u011fda besinlerdeki katk\u0131lar, hormonlara ve ila\u00e7lara ba\u011fl\u0131 genetik yap\u0131s\u0131 de\u011fi\u015ftirilmi\u015f g\u0131dalar, stres gibi g\u00fcnl\u00fck hayatta \u00f6nemli role sahip olan fakt\u00f6rler insan sa\u011fl\u0131\u011f\u0131na olumsuz etki etmekte ve ciddi sa\u011fl\u0131k sorunlar\u0131na neden olmaktad\u0131r. D\u00fcnya\u2019da her y\u0131l 10 milyon insan ciddi bir<span class=\"ellipsis\">&hellip;<\/span><\/p>\n<div class=\"read-more\"><a href=\"https:\/\/vahitozmen.com\/t\/meme-sagligi-merkezi-group-florence-nightingale\/\">Read more &#8250;<\/a><\/div>\n<p><!-- end of .read-more --><\/p>\n","protected":false},"author":1,"featured_media":0,"parent":0,"menu_order":9,"comment_status":"closed","ping_status":"open","template":"","meta":{"ngg_post_thumbnail":0},"_links":{"self":[{"href":"https:\/\/vahitozmen.com\/t\/wp-json\/wp\/v2\/pages\/341"}],"collection":[{"href":"https:\/\/vahitozmen.com\/t\/wp-json\/wp\/v2\/pages"}],"about":[{"href":"https:\/\/vahitozmen.com\/t\/wp-json\/wp\/v2\/types\/page"}],"author":[{"embeddable":true,"href":"https:\/\/vahitozmen.com\/t\/wp-json\/wp\/v2\/users\/1"}],"replies":[{"embeddable":true,"href":"https:\/\/vahitozmen.com\/t\/wp-json\/wp\/v2\/comments?post=341"}],"version-history":[{"count":16,"href":"https:\/\/vahitozmen.com\/t\/wp-json\/wp\/v2\/pages\/341\/revisions"}],"predecessor-version":[{"id":1046,"href":"https:\/\/vahitozmen.com\/t\/wp-json\/wp\/v2\/pages\/341\/revisions\/1046"}],"wp:attachment":[{"href":"https:\/\/vahitozmen.com\/t\/wp-json\/wp\/v2\/media?parent=341"}],"curies":[{"name":"wp","href":"https:\/\/api.w.org\/{rel}","templated":true}]}}